{"id":616,"date":"2016-05-30T10:28:00","date_gmt":"2016-05-30T07:28:00","guid":{"rendered":"https:\/\/www.refrak.fi\/etusivu-2\/"},"modified":"2020-01-24T08:37:54","modified_gmt":"2020-01-24T06:37:54","slug":"etusivu-2","status":"publish","type":"page","link":"https:\/\/www.refrak.fi\/hu\/","title":{"rendered":"F\u00f6oldal"},"content":{"rendered":"<div class=\"wpb-content-wrapper\"><p>[vc_row content_placement=&#8221;middle&#8221; font_color=&#8221;#000000&#8243; css=&#8221;.vc_custom_1467978058395{padding-top: 10% !important;padding-bottom: 10% !important;background-image: url(https:\/\/www.refrak.fi\/wp-content\/uploads\/2016\/05\/firestarter2.jpg?id=38) !important;background-position: center !important;background-repeat: no-repeat !important;background-size: cover !important;}&#8221;][vc_column][vc_custom_heading text=&#8221;REFRAK OY &#8211; T\u0170Z\u00c1LL\u00d3 TERVEZ\u00c9S \u00c9S \u00c9P\u00cdT\u00c9S&#8221; font_container=&#8221;tag:h1|text_align:center|color:%23ffffff&#8221; use_theme_fonts=&#8221;yes&#8221; css=&#8221;.vc_custom_1468237790761{margin-bottom: 3rem !important;}&#8221;][vc_row_inner type=&#8221;boxed&#8221;][vc_column_inner][vc_custom_heading text=&#8221;Gyors \u00e9s megb\u00edzhat\u00f3! 1983-\u00f3ta eg\u00e9sz Finnorsz\u00e1gban \u00e9s Eur\u00f3p\u00e1ban.&#8221; font_container=&#8221;tag:h3|text_align:center|color:%23ffffff&#8221; use_theme_fonts=&#8221;yes&#8221; css=&#8221;.vc_custom_1468233734999{padding-bottom: 2rem !important;}&#8221;][vc_btn title=&#8221;Vedd fel a kapcsolatot!&#8221; style=&#8221;flat&#8221; shape=&#8221;square&#8221; color=&#8221;danger&#8221; size=&#8221;lg&#8221; align=&#8221;center&#8221; link=&#8221;url:https%3A%2F%2Fwww.refrak.fi%2Fhu%2Felerhetosegeink%2F|title:Vedd%20fel%20a%20kapcsolatot%21|&#8221; el_class=&#8221;refrak&#8221;][vc_custom_heading text=&#8221;A h\u00e9t minden napj\u00e1n, 24 \u00f3r\u00e1ban!&#8221; font_container=&#8221;tag:h3|text_align:center|color:%23ffffff&#8221; use_theme_fonts=&#8221;yes&#8221;][\/vc_column_inner][\/vc_row_inner][\/vc_column][\/vc_row][vc_row][vc_column][vc_single_image image=&#8221;738&#8243; img_size=&#8221;full&#8221; alignment=&#8221;center&#8221;][\/vc_column][\/vc_row]<\/p>\n<\/div>","protected":false},"excerpt":{"rendered":"<p>[vc_row content_placement=&#8221;middle&#8221; font_color=&#8221;#000000&#8243; css=&#8221;.vc_custom_1467978058395{padding-top: 10% !important;padding-bottom: 10% !important;background-image: url(https:\/\/www.refrak.fi\/wp-content\/uploads\/2016\/05\/firestarter2.jpg?id=38) !important;background-position: center !important;background-repeat: no-repeat !important;background-size: cover !important;}&#8221;][vc_column][vc_custom_heading text=&#8221;REFRAK OY &#8211; T\u0170Z\u00c1LL\u00d3 TERVEZ\u00c9S \u00c9S \u00c9P\u00cdT\u00c9S&#8221; font_container=&#8221;tag:h1|text_align:center|color:%23ffffff&#8221; use_theme_fonts=&#8221;yes&#8221; css=&#8221;.vc_custom_1468237790761{margin-bottom: 3rem !important;}&#8221;][vc_row_inner type=&#8221;boxed&#8221;][vc_column_inner][vc_custom_heading text=&#8221;Gyors \u00e9s megb\u00edzhat\u00f3! 1983-\u00f3ta eg\u00e9sz Finnorsz\u00e1gban \u00e9s Eur\u00f3p\u00e1ban.&#8221; font_container=&#8221;tag:h3|text_align:center|color:%23ffffff&#8221; use_theme_fonts=&#8221;yes&#8221; css=&#8221;.vc_custom_1468233734999{padding-bottom: 2rem !important;}&#8221;][vc_btn title=&#8221;Vedd fel a kapcsolatot!&#8221; style=&#8221;flat&#8221; shape=&#8221;square&#8221; color=&#8221;danger&#8221; size=&#8221;lg&#8221; align=&#8221;center&#8221; link=&#8221;url:https%3A%2F%2Fwww.refrak.fi%2Fhu%2Felerhetosegeink%2F|title:Vedd%20fel%20a%20kapcsolatot%21|&#8221; el_class=&#8221;refrak&#8221;][vc_custom_heading text=&#8221;A h\u00e9t [&hellip;]<\/p>\n","protected":false},"author":1,"featured_media":0,"parent":0,"menu_order":0,"comment_status":"closed","ping_status":"open","template":"page-full-width.php","meta":{"footnotes":""},"class_list":["post-616","page","type-page","status-publish","hentry"],"_links":{"self":[{"href":"https:\/\/www.refrak.fi\/hu\/wp-json\/wp\/v2\/pages\/616","targetHints":{"allow":["GET"]}}],"collection":[{"href":"https:\/\/www.refrak.fi\/hu\/wp-json\/wp\/v2\/pages"}],"about":[{"href":"https:\/\/www.refrak.fi\/hu\/wp-json\/wp\/v2\/types\/page"}],"author":[{"embeddable":true,"href":"https:\/\/www.refrak.fi\/hu\/wp-json\/wp\/v2\/users\/1"}],"replies":[{"embeddable":true,"href":"https:\/\/www.refrak.fi\/hu\/wp-json\/wp\/v2\/comments?post=616"}],"version-history":[{"count":9,"href":"https:\/\/www.refrak.fi\/hu\/wp-json\/wp\/v2\/pages\/616\/revisions"}],"predecessor-version":[{"id":741,"href":"https:\/\/www.refrak.fi\/hu\/wp-json\/wp\/v2\/pages\/616\/revisions\/741"}],"wp:attachment":[{"href":"https:\/\/www.refrak.fi\/hu\/wp-json\/wp\/v2\/media?parent=616"}],"curies":[{"name":"wp","href":"https:\/\/api.w.org\/{rel}","templated":true}]}}