{"id":646,"date":"2020-01-22T10:37:25","date_gmt":"2020-01-22T08:37:25","guid":{"rendered":"https:\/\/www.refrak.fi\/papir-es-cellulozgyarak\/"},"modified":"2020-01-22T14:06:20","modified_gmt":"2020-01-22T12:06:20","slug":"papir-es-cellulozgyarak","status":"publish","type":"page","link":"https:\/\/www.refrak.fi\/hu\/szakteruleteink\/papir-es-cellulozgyarak\/","title":{"rendered":"Pap\u00edr &#8211; \u00e9s cellul\u00f3zgy\u00e1rak"},"content":{"rendered":"<div class=\"wpb-content-wrapper\"><p>[vc_row font_color=&#8221;#000000&#8243; css=&#8221;.vc_custom_1468234625898{padding-top: 10% !important;padding-bottom: 10% !important;background-image: url(https:\/\/www.refrak.fi\/wp-content\/uploads\/2016\/07\/cover05.jpg?id=128) !important;background-position: center !important;background-repeat: no-repeat !important;background-size: cover !important;}&#8221;][vc_column][vc_custom_heading text=&#8221;Pap\u00edr &#8211; \u00e9s cellul\u00f3zgy\u00e1rak &#8221; font_container=&#8221;tag:h1|text_align:center|color:%23ffffff&#8221; use_theme_fonts=&#8221;yes&#8221; css=&#8221;.vc_custom_1471433043191{margin-bottom: 1rem !important;}&#8221;][\/vc_column][\/vc_row][vc_row type=&#8221;boxed&#8221; font_color=&#8221;#000000&#8243; css=&#8221;.vc_custom_1468233595852{margin-top: 2rem !important;margin-bottom: 2rem !important;}&#8221;][vc_column width=&#8221;1\/2&#8243;][vc_column_text][\/vc_column_text][vc_column_text]<\/p>\n<h2>Pap\u00edr &#8211; \u00e9s cellul\u00f3zgy\u00e1rak<\/h2>\n<p>&nbsp;<\/p>\n<p>A Refrak Oy sz\u00e1mos pap\u00edr- \u00e9s cellul\u00f3zgy\u00e1r \u00e9p\u00edt\u00e9si projektj\u00e9ben vett r\u00e9szt, bele\u00e9rtve az \u00faj \u00e9p\u00edt\u00e9s\u0171 gy\u00e1rakat, tov\u00e1bb\u00e1 nagyszab\u00e1s\u00fa fel\u00faj\u00edt\u00e1si \u00e9s karbantart\u00e1si munk\u00e1kat is. T\u0171z\u00e1ll\u00f3 b\u00e9l\u00e9seket k\u00e9sz\u00edt\u00fcnk h\u0151visszanyer\u0151 kaz\u00e1nok, forg\u00f3kemenc\u00e9k \u00e9s elg\u00e1zos\u00edt\u00f3 \u00fczemek sz\u00e1m\u00e1ra. A Refrak Oy szak\u00e9rt\u0151i technikai seg\u00edts\u00e9get ny\u00fajtanak t\u00f6bbek k\u00f6z\u00f6tt tervez\u00e9sben, t\u0171z\u00e1ll\u00f3 b\u00e9l\u00e9sek ellen\u0151rz\u00e9s\u00e9ben, anyagkiv\u00e1laszt\u00e1sban, kivitelez\u00e9sben \u00e9s jelent\u00e9sek, felm\u00e9r\u00e9sek k\u00e9sz\u00edt\u00e9s\u00e9ben. A Refrak Oy term\u00e9ksk\u00e1l\u00e1ja tartalmazza a min\u0151s\u00e9gi t\u0171z\u00e1ll\u00f3 b\u00e9l\u00e9sek kivitelez\u00e9s\u00e9hez sz\u00fcks\u00e9ges \u00f6sszes anyagot \u00e9s felszerel\u00e9st. Folyamatosan azon dolgozunk, hogy jav\u00edtsuk t\u0171z\u00e1ll\u00f3 b\u00e9l\u00e9seink \u00e9lettartam\u00e1t \u00e9s minimaliz\u00e1ljuk a jav\u00edtand\u00f3 egys\u00e9g \u00e1ll\u00e1sidej\u00e9t. Kivitelez\u00e9seket \u00e9s felm\u00e9r\u00e9seket hajtunk v\u00e9gre Finnorsz\u00e1gban \u00e9s eg\u00e9sz Eur\u00f3p\u00e1ban.[\/vc_column_text][\/vc_column][vc_column width=&#8221;1\/2&#8243;][vc_single_image image=&#8221;547&#8243; img_size=&#8221;large&#8221;][\/vc_column][\/vc_row]<\/p>\n<\/div>","protected":false},"excerpt":{"rendered":"<p>[vc_row font_color=&#8221;#000000&#8243; css=&#8221;.vc_custom_1468234625898{padding-top: 10% !important;padding-bottom: 10% !important;background-image: url(https:\/\/www.refrak.fi\/wp-content\/uploads\/2016\/07\/cover05.jpg?id=128) !important;background-position: center !important;background-repeat: no-repeat !important;background-size: cover !important;}&#8221;][vc_column][vc_custom_heading text=&#8221;Pap\u00edr &#8211; \u00e9s cellul\u00f3zgy\u00e1rak &#8221; font_container=&#8221;tag:h1|text_align:center|color:%23ffffff&#8221; use_theme_fonts=&#8221;yes&#8221; css=&#8221;.vc_custom_1471433043191{margin-bottom: 1rem !important;}&#8221;][\/vc_column][\/vc_row][vc_row type=&#8221;boxed&#8221; font_color=&#8221;#000000&#8243; css=&#8221;.vc_custom_1468233595852{margin-top: 2rem !important;margin-bottom: 2rem !important;}&#8221;][vc_column width=&#8221;1\/2&#8243;][vc_column_text][\/vc_column_text][vc_column_text] Pap\u00edr &#8211; \u00e9s cellul\u00f3zgy\u00e1rak &nbsp; A Refrak Oy sz\u00e1mos pap\u00edr- \u00e9s cellul\u00f3zgy\u00e1r \u00e9p\u00edt\u00e9si projektj\u00e9ben vett r\u00e9szt, bele\u00e9rtve az \u00faj \u00e9p\u00edt\u00e9s\u0171 gy\u00e1rakat, tov\u00e1bb\u00e1 [&hellip;]<\/p>\n","protected":false},"author":1,"featured_media":0,"parent":684,"menu_order":0,"comment_status":"closed","ping_status":"closed","template":"page-full-width.php","meta":{"footnotes":""},"class_list":["post-646","page","type-page","status-publish","hentry"],"_links":{"self":[{"href":"https:\/\/www.refrak.fi\/hu\/wp-json\/wp\/v2\/pages\/646","targetHints":{"allow":["GET"]}}],"collection":[{"href":"https:\/\/www.refrak.fi\/hu\/wp-json\/wp\/v2\/pages"}],"about":[{"href":"https:\/\/www.refrak.fi\/hu\/wp-json\/wp\/v2\/types\/page"}],"author":[{"embeddable":true,"href":"https:\/\/www.refrak.fi\/hu\/wp-json\/wp\/v2\/users\/1"}],"replies":[{"embeddable":true,"href":"https:\/\/www.refrak.fi\/hu\/wp-json\/wp\/v2\/comments?post=646"}],"version-history":[{"count":2,"href":"https:\/\/www.refrak.fi\/hu\/wp-json\/wp\/v2\/pages\/646\/revisions"}],"predecessor-version":[{"id":733,"href":"https:\/\/www.refrak.fi\/hu\/wp-json\/wp\/v2\/pages\/646\/revisions\/733"}],"up":[{"embeddable":true,"href":"https:\/\/www.refrak.fi\/hu\/wp-json\/wp\/v2\/pages\/684"}],"wp:attachment":[{"href":"https:\/\/www.refrak.fi\/hu\/wp-json\/wp\/v2\/media?parent=646"}],"curies":[{"name":"wp","href":"https:\/\/api.w.org\/{rel}","templated":true}]}}