{"id":665,"date":"2020-01-22T12:00:43","date_gmt":"2020-01-22T10:00:43","guid":{"rendered":"https:\/\/www.refrak.fi\/rolunk\/"},"modified":"2020-01-22T13:49:52","modified_gmt":"2020-01-22T11:49:52","slug":"rolunk","status":"publish","type":"page","link":"https:\/\/www.refrak.fi\/hu\/rolunk\/","title":{"rendered":"R\u00d3LUNK"},"content":{"rendered":"<div class=\"wpb-content-wrapper\"><p>[vc_row font_color=&#8221;#000000&#8243; css=&#8221;.vc_custom_1468230759945{padding-top: 10% !important;padding-bottom: 10% !important;background-image: url(https:\/\/www.refrak.fi\/wp-content\/uploads\/2016\/07\/cover01.jpg?id=110) !important;background-position: center !important;background-repeat: no-repeat !important;background-size: cover !important;}&#8221;][vc_column][vc_custom_heading text=&#8221;R\u00d3LUNK&#8221; font_container=&#8221;tag:h1|text_align:center|color:%23ffffff&#8221; use_theme_fonts=&#8221;yes&#8221; css=&#8221;.vc_custom_1576060031900{margin-bottom: 1rem !important;}&#8221;][vc_custom_heading text=&#8221;&#8221; font_container=&#8221;tag:h3|text_align:center|color:%23ffffff&#8221; use_theme_fonts=&#8221;yes&#8221;][\/vc_column][\/vc_row][vc_row type=&#8221;boxed&#8221; font_color=&#8221;#000000&#8243; css=&#8221;.vc_custom_1576563392140{margin-top: 1rem !important;margin-bottom: 2rem !important;}&#8221;][vc_column width=&#8221;2\/3&#8243;][vc_column_text]<\/p>\n<h2>Eg\u00e9sz Finnorsz\u00e1gban \u00e9s Eur\u00f3p\u00e1ban.<\/h2>\n<p>&nbsp;<\/p>\n<p>A Refrak Oy egy kivitelez\u00e9ssel \u00e9s tervez\u00e9ssel foglalkoz\u00f3 v\u00e1llalkoz\u00e1s Finnorsz\u00e1gban, melyben vezet\u0151 helyet foglal el a t\u0171z\u00e1ll\u00f3 term\u00e9kek be\u00e9p\u00edt\u00e9se, tervez\u00e9se \u00e9s karbantart\u00e1sa. Refrak Oy a maga m\u00f6g\u00f6tt tudott, t\u00f6bb mint 30 \u00e9v tapasztalat\u00e1val megb\u00edzhat\u00f3 \u00fczleti partnernek bizonyult, nagyon magas szint\u0171 szolg\u00e1ltat\u00e1ssal. Folyamatosan nagy s\u00falyt fektet\u00fcnk munkat\u00e1rsaink k\u00e9pess\u00e9geinek fejleszt\u00e9s\u00e9re, v\u00e9lem\u00e9ny\u00fcnk szerint ez a kulcsa a hat\u00e9kony m\u0171szaki megold\u00e1soknak. \u00dcgyf\u00e9l orient\u00e1lt v\u00e1llalkoz\u00e1s vagyunk, n\u00e1lunk minden \u00fcgyfel\u00fcnk egyedi megk\u00f6zel\u00edt\u00e9st \u00e9s testreszabott megold\u00e1sokat kap. C\u00e9lunk, hogy seg\u00edts\u00fcnk \u00fcgyfeleinknek a felmer\u00fcl\u0151 probl\u00e9m\u00e1k magas szinvonal\u00fa \u00e9s k\u00f6lts\u00e9ghat\u00e9kony megold\u00e1s\u00e1ban. A Refrak Oy rugalmas megk\u00f6zel\u00edt\u00e9st k\u00edn\u00e1l mind a kis karbantart\u00e1si szerz\u0151d\u00e9sek, mind a nagyobb \u00faj \u00e9p\u00edt\u00e9si projektek sz\u00e1m\u00e1ra. F\u0151 piaci ter\u00fclet\u00fcnk Finnorsz\u00e1g, Skand\u00edn\u00e1via \u00e9s a Balti orsz\u00e1gok, de folyamatosan dolgozunk eg\u00e9sz Eur\u00f3p\u00e1ban.[\/vc_column_text][\/vc_column][vc_column width=&#8221;1\/3&#8243;][vc_single_image image=&#8221;436&#8243; img_size=&#8221;large&#8221;][vc_single_image image=&#8221;534&#8243; img_size=&#8221;large&#8221;][\/vc_column][\/vc_row]<\/p>\n<\/div>","protected":false},"excerpt":{"rendered":"<p>[vc_row font_color=&#8221;#000000&#8243; css=&#8221;.vc_custom_1468230759945{padding-top: 10% !important;padding-bottom: 10% !important;background-image: url(https:\/\/www.refrak.fi\/wp-content\/uploads\/2016\/07\/cover01.jpg?id=110) !important;background-position: center !important;background-repeat: no-repeat !important;background-size: cover !important;}&#8221;][vc_column][vc_custom_heading text=&#8221;R\u00d3LUNK&#8221; font_container=&#8221;tag:h1|text_align:center|color:%23ffffff&#8221; use_theme_fonts=&#8221;yes&#8221; css=&#8221;.vc_custom_1576060031900{margin-bottom: 1rem !important;}&#8221;][vc_custom_heading text=&#8221;&#8221; font_container=&#8221;tag:h3|text_align:center|color:%23ffffff&#8221; use_theme_fonts=&#8221;yes&#8221;][\/vc_column][\/vc_row][vc_row type=&#8221;boxed&#8221; font_color=&#8221;#000000&#8243; css=&#8221;.vc_custom_1576563392140{margin-top: 1rem !important;margin-bottom: 2rem !important;}&#8221;][vc_column width=&#8221;2\/3&#8243;][vc_column_text] Eg\u00e9sz Finnorsz\u00e1gban \u00e9s Eur\u00f3p\u00e1ban. &nbsp; A Refrak Oy egy kivitelez\u00e9ssel \u00e9s tervez\u00e9ssel foglalkoz\u00f3 v\u00e1llalkoz\u00e1s Finnorsz\u00e1gban, melyben vezet\u0151 helyet foglal el a t\u0171z\u00e1ll\u00f3 term\u00e9kek [&hellip;]<\/p>\n","protected":false},"author":1,"featured_media":0,"parent":0,"menu_order":0,"comment_status":"closed","ping_status":"closed","template":"page-full-width.php","meta":{"footnotes":""},"class_list":["post-665","page","type-page","status-publish","hentry"],"_links":{"self":[{"href":"https:\/\/www.refrak.fi\/hu\/wp-json\/wp\/v2\/pages\/665","targetHints":{"allow":["GET"]}}],"collection":[{"href":"https:\/\/www.refrak.fi\/hu\/wp-json\/wp\/v2\/pages"}],"about":[{"href":"https:\/\/www.refrak.fi\/hu\/wp-json\/wp\/v2\/types\/page"}],"author":[{"embeddable":true,"href":"https:\/\/www.refrak.fi\/hu\/wp-json\/wp\/v2\/users\/1"}],"replies":[{"embeddable":true,"href":"https:\/\/www.refrak.fi\/hu\/wp-json\/wp\/v2\/comments?post=665"}],"version-history":[{"count":2,"href":"https:\/\/www.refrak.fi\/hu\/wp-json\/wp\/v2\/pages\/665\/revisions"}],"predecessor-version":[{"id":721,"href":"https:\/\/www.refrak.fi\/hu\/wp-json\/wp\/v2\/pages\/665\/revisions\/721"}],"wp:attachment":[{"href":"https:\/\/www.refrak.fi\/hu\/wp-json\/wp\/v2\/media?parent=665"}],"curies":[{"name":"wp","href":"https:\/\/api.w.org\/{rel}","templated":true}]}}