{"id":670,"date":"2020-01-22T12:18:00","date_gmt":"2020-01-22T10:18:00","guid":{"rendered":"https:\/\/www.refrak.fi\/elerhetosegeink\/"},"modified":"2023-03-31T14:58:53","modified_gmt":"2023-03-31T11:58:53","slug":"elerhetosegeink","status":"publish","type":"page","link":"https:\/\/www.refrak.fi\/hu\/elerhetosegeink\/","title":{"rendered":"EL\u00c9RHET\u0150S\u00c9GEINK"},"content":{"rendered":"<div class=\"wpb-content-wrapper\"><p>[vc_row font_color=&#8221;#000000&#8243; css=&#8221;.vc_custom_1468235865597{padding-top: 10% !important;padding-bottom: 10% !important;background-image: url(https:\/\/www.refrak.fi\/wp-content\/uploads\/2016\/05\/firestarter2.jpg?id=38) !important;background-position: center !important;background-repeat: no-repeat !important;background-size: cover !important;}&#8221;][vc_column][vc_custom_heading text=&#8221;Vedd fel a kapcsolatot!&#8221; font_container=&#8221;tag:h1|text_align:center|color:%23ffffff&#8221; use_theme_fonts=&#8221;yes&#8221; css=&#8221;.vc_custom_1468235980182{margin-bottom: 1rem !important;}&#8221;][vc_custom_heading text=&#8221;A h\u00e9t minden napj\u00e1n, 24 \u00f3r\u00e1ban!&#8221; font_container=&#8221;tag:h3|text_align:center|color:%23ffffff&#8221; use_theme_fonts=&#8221;yes&#8221;][\/vc_column][\/vc_row][vc_row type=&#8221;boxed&#8221; font_color=&#8221;#000000&#8243; css=&#8221;.vc_custom_1468236064093{margin-top: 2rem !important;margin-bottom: 2rem !important;}&#8221;][vc_column][vc_row_inner][vc_column_inner width=&#8221;1\/3&#8243;][vc_column_text]<\/p>\n<h4>C\u00edm, Sz\u00e9khely \u00e9s iroda<\/h4>\n<p>Refrak Oy<\/p>\n<p>Sahankatu 22<br \/>\n48200 Kotka<\/p>\n<p>Telefon +358-104204050<br \/>\n\u00c9rt\u00e9kes\u00edt\u00e9s: <a href=\"mailto:myynti@refrak.fi\">myynti@refrak.fi<\/a><\/p>\n<p>e-mail: keresztn\u00e9v.csal\u00e1dn\u00e9v@refrak.fi<\/p>\n<h4>P\u00e9nz\u00fcgy \u00e9s adminisztr\u00e1ci\u00f3<\/h4>\n<p>Mira Henttonen<br \/>\nTelefon +358-104204050<\/p>\n<p>Oili Norpila<br \/>\nTelefon +358- 104204050[\/vc_column_text][\/vc_column_inner][vc_column_inner width=&#8221;1\/3&#8243;][vc_column_text]<\/p>\n<h4>Projektvezet\u0151k \u00e9s \u00e9rt\u00e9kes\u00edt\u00e9s<\/h4>\n<p>Henrik Alastalo<br \/>\nTelefon +358- 40 0874341<\/p>\n<p>Tuomas Toivonen<br \/>\nPuh. 044 706 0330<\/p>\n<p>Kalle Hokkanen<br \/>\nTelefon 044 750 4750<\/p>\n<h4>Munkavezet\u0151k:<\/h4>\n<p>Mika Honkam\u00e4ki<br \/>\nTelefon +358- 44 706 0337<\/p>\n<p>Janne Suotula<br \/>\nTelefon +358-44 706 0336<\/p>\n<p>Hilmi Oral<br \/>\nTelefon +358- 44 706 0346[\/vc_column_text][\/vc_column_inner][vc_column_inner width=&#8221;1\/3&#8243;][vc_column_text]<\/p>\n<h4>\u00dcgyvezet\u0151:<\/h4>\n<p>Attila Alastalo<br \/>\nFinn mobil +358-400 903 860<br \/>\nMagyar mobil +36-307205119<\/p>\n<h4>CAD\/ +3D Tervez\u00e9s:<\/h4>\n<p>Kosti Nieminen<br \/>\nTelefon +358-40 0244842<\/p>\n<h4>Magyarorsz\u00e1gi k\u00e9pvisel\u0151nk:<\/h4>\n<p>Horv\u00e1th Attila<br \/>\nTelefon +36-706392311[\/vc_column_text][\/vc_column_inner][\/vc_row_inner][\/vc_column][\/vc_row][vc_row type=&#8221;boxed&#8221; font_color=&#8221;#000000&#8243; css=&#8221;.vc_custom_1468239919964{margin-top: 2rem !important;margin-bottom: 2rem !important;}&#8221;][vc_column width=&#8221;1\/4&#8243;][vc_column_text][\/vc_column_text][\/vc_column][vc_column width=&#8221;1\/4&#8243;][\/vc_column][\/vc_row][vc_row][vc_column][vc_gmaps link=&#8221;#E-8_JTNDaWZyYW1lJTIwc3JjJTNEJTIyaHR0cHMlM0ElMkYlMkZ3d3cuZ29vZ2xlLmNvbSUyRm1hcHMlMkZlbWJlZCUzRnBiJTNEJTIxMW0xOCUyMTFtMTIlMjExbTMlMjExZDM5MzIuOTE3NDg3OTcxNjg0NyUyMTJkMjYuOTI1NTMxNDcwODU4MDU0JTIxM2Q2MC40NzA2NTYxNjMwNTgyNjYlMjEybTMlMjExZjAlMjEyZjAlMjEzZjAlMjEzbTIlMjExaTEwMjQlMjEyaTc2OCUyMTRmMTMuMSUyMTNtMyUyMTFtMiUyMTFzMHg0NjkxMGNhZDAwYjc0NWZiJTI1M0EweGFjMDMxM2I2ODhlNjg4ZSUyMTJzUmVmcmFrJTI1MjBPeSUyMTVlMCUyMTNtMiUyMTFzZmklMjEyc2ZpJTIxNHYxNTcyOTUyMDIyMjk1JTIxNW0yJTIxMXNmaSUyMTJzZmklMjIlMjB3aWR0aCUzRCUyMjYwMCUyMiUyMGhlaWdodCUzRCUyMjQ1MCUyMiUyMGZyYW1lYm9yZGVyJTNEJTIyMCUyMiUyMHN0eWxlJTNEJTIyYm9yZGVyJTNBMCUzQiUyMiUyMGFsbG93ZnVsbHNjcmVlbiUzRCUyMiUyMiUzRSUzQyUyRmlmcmFtZSUzRQ==&#8221;][\/vc_column][\/vc_row]<\/p>\n<\/div>","protected":false},"excerpt":{"rendered":"<p>[vc_row font_color=&#8221;#000000&#8243; css=&#8221;.vc_custom_1468235865597{padding-top: 10% !important;padding-bottom: 10% !important;background-image: url(https:\/\/www.refrak.fi\/wp-content\/uploads\/2016\/05\/firestarter2.jpg?id=38) !important;background-position: center !important;background-repeat: no-repeat !important;background-size: cover !important;}&#8221;][vc_column][vc_custom_heading text=&#8221;Vedd fel a kapcsolatot!&#8221; font_container=&#8221;tag:h1|text_align:center|color:%23ffffff&#8221; use_theme_fonts=&#8221;yes&#8221; css=&#8221;.vc_custom_1468235980182{margin-bottom: 1rem !important;}&#8221;][vc_custom_heading text=&#8221;A h\u00e9t minden napj\u00e1n, 24 \u00f3r\u00e1ban!&#8221; font_container=&#8221;tag:h3|text_align:center|color:%23ffffff&#8221; use_theme_fonts=&#8221;yes&#8221;][\/vc_column][\/vc_row][vc_row type=&#8221;boxed&#8221; font_color=&#8221;#000000&#8243; css=&#8221;.vc_custom_1468236064093{margin-top: 2rem !important;margin-bottom: 2rem !important;}&#8221;][vc_column][vc_row_inner][vc_column_inner width=&#8221;1\/3&#8243;][vc_column_text] C\u00edm, Sz\u00e9khely \u00e9s iroda Refrak Oy Sahankatu 22 48200 Kotka Telefon +358-104204050 \u00c9rt\u00e9kes\u00edt\u00e9s: myynti@refrak.fi e-mail: [&hellip;]<\/p>\n","protected":false},"author":1,"featured_media":0,"parent":0,"menu_order":0,"comment_status":"closed","ping_status":"closed","template":"page-full-width.php","meta":{"footnotes":""},"class_list":["post-670","page","type-page","status-publish","hentry"],"_links":{"self":[{"href":"https:\/\/www.refrak.fi\/hu\/wp-json\/wp\/v2\/pages\/670","targetHints":{"allow":["GET"]}}],"collection":[{"href":"https:\/\/www.refrak.fi\/hu\/wp-json\/wp\/v2\/pages"}],"about":[{"href":"https:\/\/www.refrak.fi\/hu\/wp-json\/wp\/v2\/types\/page"}],"author":[{"embeddable":true,"href":"https:\/\/www.refrak.fi\/hu\/wp-json\/wp\/v2\/users\/1"}],"replies":[{"embeddable":true,"href":"https:\/\/www.refrak.fi\/hu\/wp-json\/wp\/v2\/comments?post=670"}],"version-history":[{"count":15,"href":"https:\/\/www.refrak.fi\/hu\/wp-json\/wp\/v2\/pages\/670\/revisions"}],"predecessor-version":[{"id":777,"href":"https:\/\/www.refrak.fi\/hu\/wp-json\/wp\/v2\/pages\/670\/revisions\/777"}],"wp:attachment":[{"href":"https:\/\/www.refrak.fi\/hu\/wp-json\/wp\/v2\/media?parent=670"}],"curies":[{"name":"wp","href":"https:\/\/api.w.org\/{rel}","templated":true}]}}