{"id":673,"date":"2020-01-22T12:37:23","date_gmt":"2020-01-22T10:37:23","guid":{"rendered":"https:\/\/www.refrak.fi\/termekeink\/"},"modified":"2020-01-23T09:54:06","modified_gmt":"2020-01-23T07:54:06","slug":"termekeink","status":"publish","type":"page","link":"https:\/\/www.refrak.fi\/hu\/termekeink\/","title":{"rendered":"Term\u00e9keink"},"content":{"rendered":"<div class=\"wpb-content-wrapper\"><p>[vc_row font_color=&#8221;#000000&#8243; css=&#8221;.vc_custom_1468234420633{padding-top: 10% !important;padding-bottom: 10% !important;background-image: url(https:\/\/www.refrak.fi\/wp-content\/uploads\/2016\/07\/cover06.jpg?id=132) !important;background-position: center !important;background-repeat: no-repeat !important;background-size: cover !important;}&#8221;][vc_column][vc_custom_heading text=&#8221;Term\u00e9keink&#8221; font_container=&#8221;tag:h1|text_align:center|color:%23ffffff&#8221; use_theme_fonts=&#8221;yes&#8221; css=&#8221;.vc_custom_1468234262230{margin-bottom: 1rem !important;}&#8221;][vc_custom_heading text=&#8221;&#8221; font_container=&#8221;tag:h3|text_align:center|color:%23ffffff&#8221; use_theme_fonts=&#8221;yes&#8221;][\/vc_column][\/vc_row][vc_row type=&#8221;boxed&#8221; font_color=&#8221;#000000&#8243; css=&#8221;.vc_custom_1471423566068{margin-top: 40px !important;}&#8221;][vc_column width=&#8221;1\/3&#8243;][vc_column_text]<\/p>\n<h2>Anyagok<\/h2>\n<p>Piacvezet\u0151 anyaggy\u00e1rt\u00f3k term\u00e9keit haszn\u00e1ljuk. Az anyaggy\u00e1rt\u00f3kkal egy\u00fcttm\u0171k\u00f6dve folyamatosan fejlesztj\u00fck term\u00e9keinket, \u00dcgyfeleink \u00e9rdek\u00e9ben. Min\u0151segbiztos\u00edt\u00e1si rendszereinkkel \u00e9s a besz\u00e1ll\u00edt\u00f3k kiv\u00e1laszt\u00e1sa soran alkalmazott szigor\u00fa szempontrendszerrel garant\u00e1ljuk a sz\u00e1ll\u00edtott anyagok kiv\u00e1l\u00f3 min\u0151s\u00e9g\u00e9t. K\u00edn\u00e1latunkban t\u00f6bbek k\u00f6z\u00f6tt a k\u00f6vetkez\u0151 term\u00e9kek szerepelnek:<\/p>\n<p><strong>T\u0171z\u00e1ll\u00f3 betonok<\/strong><\/p>\n<ul>\n<li>\u00d6nthet\u0151 betonok<\/li>\n<li>Sz\u00f3rhat\u00f3-\u00e9s jav\u00edt\u00f3 betonok<\/li>\n<li>D\u00f6ng\u00f6l\u0151 betonok<\/li>\n<\/ul>\n<p><strong>Szigetel\u00e9sek<\/strong><\/p>\n<ul>\n<li>Szigetel\u0151 betonok \u00e9s habarcs anyagok<\/li>\n<li>Szigetel\u0151 t\u00e9gl\u00e1k<\/li>\n<li>Szigetel\u0151 k\u00f6telek<\/li>\n<li>Ker\u00e1mia k\u00f6telek<\/li>\n<\/ul>\n<p><strong>Tart\u00f3k<\/strong><\/p>\n<ul>\n<li>Ac\u00e9l tart\u00f3k<\/li>\n<li>Tart\u00f3 t\u00e9gl\u00e1k<\/li>\n<\/ul>\n<p><strong>T\u0171z\u00e1ll\u00f3 t\u00e9gl\u00e1k<\/strong><\/p>\n<p><strong>T\u0171z\u00e1ll\u00f3 ac\u00e9lok<\/strong><\/p>\n<p><strong>T\u0171z\u00e1ll\u00f3 paplanok<\/strong>[\/vc_column_text][\/vc_column][vc_column width=&#8221;1\/3&#8243;][vc_column_text]<\/p>\n<h4>Testreszabott kivitelez\u00e9sek<\/h4>\n<p>Megrendel\u0151ink egyedi ig\u00e9nyei alapj\u00e1n kulcsrak\u00e9sz megold\u00e1sokat is tervez\u00fcnk \u00e9s kivitelez\u00fcnk. \u00dcgyfeleink r\u00e9sz\u00e9re v\u00e9gz\u00fcnk t\u00f6bbek k\u00f6z\u00f6tt ac\u00e9lszerkezeti munk\u00e1kat, elektromos- \u00e9s szigetel\u0151 munk\u00e1kat is. Sz\u00e9les k\u00f6r\u0171 partnerh\u00e1l\u00f3zatunkon kereszt\u00fcl szorosan egy\u00fcttm\u0171k\u00f6d\u00fcnk a k\u00fcl\u00f6nb\u00f6z\u0151 szakter\u00fcletek szak\u00e9rt\u0151ivel.[\/vc_column_text][vc_column_text]<\/p>\n<h4>El\u0151regy\u00e1rtott \u00f6ntv\u00e9nyek<\/h4>\n<p>A megrendel\u0151 egyedi ig\u00e9nyei alapjan kotkai telephely\u00fcnk\u00f6n specialis el\u0151regy\u00e1rtott t\u0171z\u00e1ll\u00f3 idomok gy\u00e1rtasara is van lehet\u0151s\u00e9g. Megtervezz\u00fck az egyedi idomokat, form\u00e1kba \u00f6ntj\u00fck \u00e9s kisz\u00e1r\u00edtjuk, felhaszn\u00e1l\u00e1sra k\u00e9sz \u00e1llapotra gy\u00e1rtjuk. Az anyagok sz\u00e9les v\u00e1laszt\u00e9ka k\u00f6z\u00fcl v\u00e1laszthatunk a legmegfelel\u0151bb \u00f6nt\u00e9si technol\u00f3gia alkalmaz\u00e1s\u00e1hoz. A r\u00e9gi vagy elavult rajzokat felfriss\u00edtj\u00fck, vagy a megb\u00edz\u00f3 ig\u00e9nye szerint \u00faj rajzokat k\u00e9sz\u00edt\u00fcnk.[\/vc_column_text][vc_column_text]<\/p>\n<h4>Sz\u00e1las ker\u00e1mi\u00e1k<\/h4>\n<p>El\u0151re gy\u00e1rtott darabokat gy\u00e1rtunk k\u00fcl\u00f6nf\u00e9le t\u00edpus\u00fa sz\u00e1las ker\u00e1mi\u00e1kb\u00f3l. A darabokat az \u00dcgyf\u00e9l ig\u00e9nyei szerint m\u00e9retre v\u00e1gjuk. Sz\u00e1las ker\u00e1m\u00e1kb\u00f3l gy\u00e1rtott darabokat sz\u00e1ll\u00edtunk t\u00f6bbek k\u00f6z\u00f6tt laborat\u00f3riumok kemenc\u00e9ihez \u00e9s g\u00e1zanaliz\u00e1torok gy\u00e1rt\u00f3inak.[\/vc_column_text][vc_column_text]<\/p>\n<h4>Ac\u00e9lszerkezetek \u00e9s hegeszt\u00e9si munk\u00e1k<\/h4>\n<p>Rendel\u00e9sre gy\u00e1rtunk \u00e9s telep\u00edt\u00fcnk ac\u00e9lszerkezeteket az \u00dcgyfelek ig\u00e9nyei \u00e9s tervei szerint. C\u00e9g\u00fcnk tapasztalt szerel\u0151csapattal rendelkezik , akik rendelkeznek a sz\u00fcks\u00e9ges ismeretekkel \u00e9s k\u00e9pes\u00edt\u00e9ssel a komplex hegeszt\u00e9si munk\u00e1k elv\u00e9gz\u00e9s\u00e9hez. A modern hegeszt\u0151berendez\u00e9seknek k\u00f6sz\u00f6nhet\u0151en mind a kotkai gy\u00e1rban, mind a kivitelez\u00e9s helysz\u00edn\u00e9n elektr\u00f3d\u00e1s hegeszt\u00e9st, MIG \/ MAG \u00e9s csap hegeszt\u00e9st tudunk v\u00e9gezni.[\/vc_column_text][\/vc_column][vc_column width=&#8221;1\/3&#8243;][vc_single_image image=&#8221;365&#8243; img_size=&#8221;large&#8221;][vc_single_image image=&#8221;361&#8243; img_size=&#8221;large&#8221;][vc_single_image image=&#8221;358&#8243; img_size=&#8221;large&#8221;][\/vc_column][\/vc_row]<\/p>\n<\/div>","protected":false},"excerpt":{"rendered":"<p>[vc_row font_color=&#8221;#000000&#8243; css=&#8221;.vc_custom_1468234420633{padding-top: 10% !important;padding-bottom: 10% !important;background-image: url(https:\/\/www.refrak.fi\/wp-content\/uploads\/2016\/07\/cover06.jpg?id=132) !important;background-position: center !important;background-repeat: no-repeat !important;background-size: cover !important;}&#8221;][vc_column][vc_custom_heading text=&#8221;Term\u00e9keink&#8221; font_container=&#8221;tag:h1|text_align:center|color:%23ffffff&#8221; use_theme_fonts=&#8221;yes&#8221; css=&#8221;.vc_custom_1468234262230{margin-bottom: 1rem !important;}&#8221;][vc_custom_heading text=&#8221;&#8221; font_container=&#8221;tag:h3|text_align:center|color:%23ffffff&#8221; use_theme_fonts=&#8221;yes&#8221;][\/vc_column][\/vc_row][vc_row type=&#8221;boxed&#8221; font_color=&#8221;#000000&#8243; css=&#8221;.vc_custom_1471423566068{margin-top: 40px !important;}&#8221;][vc_column width=&#8221;1\/3&#8243;][vc_column_text] Anyagok Piacvezet\u0151 anyaggy\u00e1rt\u00f3k term\u00e9keit haszn\u00e1ljuk. Az anyaggy\u00e1rt\u00f3kkal egy\u00fcttm\u0171k\u00f6dve folyamatosan fejlesztj\u00fck term\u00e9keinket, \u00dcgyfeleink \u00e9rdek\u00e9ben. Min\u0151segbiztos\u00edt\u00e1si rendszereinkkel \u00e9s a besz\u00e1ll\u00edt\u00f3k kiv\u00e1laszt\u00e1sa soran alkalmazott szigor\u00fa szempontrendszerrel garant\u00e1ljuk a [&hellip;]<\/p>\n","protected":false},"author":1,"featured_media":0,"parent":0,"menu_order":0,"comment_status":"closed","ping_status":"closed","template":"page-full-width.php","meta":{"footnotes":""},"class_list":["post-673","page","type-page","status-publish","hentry"],"_links":{"self":[{"href":"https:\/\/www.refrak.fi\/hu\/wp-json\/wp\/v2\/pages\/673","targetHints":{"allow":["GET"]}}],"collection":[{"href":"https:\/\/www.refrak.fi\/hu\/wp-json\/wp\/v2\/pages"}],"about":[{"href":"https:\/\/www.refrak.fi\/hu\/wp-json\/wp\/v2\/types\/page"}],"author":[{"embeddable":true,"href":"https:\/\/www.refrak.fi\/hu\/wp-json\/wp\/v2\/users\/1"}],"replies":[{"embeddable":true,"href":"https:\/\/www.refrak.fi\/hu\/wp-json\/wp\/v2\/comments?post=673"}],"version-history":[{"count":7,"href":"https:\/\/www.refrak.fi\/hu\/wp-json\/wp\/v2\/pages\/673\/revisions"}],"predecessor-version":[{"id":736,"href":"https:\/\/www.refrak.fi\/hu\/wp-json\/wp\/v2\/pages\/673\/revisions\/736"}],"wp:attachment":[{"href":"https:\/\/www.refrak.fi\/hu\/wp-json\/wp\/v2\/media?parent=673"}],"curies":[{"name":"wp","href":"https:\/\/api.w.org\/{rel}","templated":true}]}}