{"id":684,"date":"2020-01-22T12:57:43","date_gmt":"2020-01-22T10:57:43","guid":{"rendered":"https:\/\/www.refrak.fi\/szakteruleteink\/"},"modified":"2020-01-27T22:03:34","modified_gmt":"2020-01-27T20:03:34","slug":"szakteruleteink","status":"publish","type":"page","link":"https:\/\/www.refrak.fi\/hu\/szakteruleteink\/","title":{"rendered":"Szakter\u00fcleteink"},"content":{"rendered":"<div class=\"wpb-content-wrapper\"><p>[vc_row font_color=&#8221;#000000&#8243; css=&#8221;.vc_custom_1468229595409{padding-top: 10% !important;padding-bottom: 10% !important;background-image: url(https:\/\/www.refrak.fi\/wp-content\/uploads\/2016\/07\/cover04.jpg?id=93) !important;background-position: center !important;background-repeat: no-repeat !important;background-size: cover !important;}&#8221;][vc_column][vc_custom_heading text=&#8221;Szakter\u00fcleteink&#8221; font_container=&#8221;tag:h1|text_align:center|color:%23ffffff&#8221; use_theme_fonts=&#8221;yes&#8221; css=&#8221;.vc_custom_1573029635558{margin-bottom: 1rem !important;}&#8221;][\/vc_column][\/vc_row][vc_row font_color=&#8221;#000000&#8243; css=&#8221;.vc_custom_1468229683578{margin-top: 2rem !important;margin-bottom: 2rem !important;}&#8221;][vc_column width=&#8221;1\/6&#8243;][vc_column_text][\/vc_column_text][\/vc_column][vc_column width=&#8221;2\/3&#8243;][vc_row_inner][vc_column_inner width=&#8221;1\/4&#8243;][vc_column_text]<a href=\"https:\/\/www.refrak.fi\/hu\/szakteruleteink\/ero-es-futomuvek\/\"><img loading=\"lazy\" decoding=\"async\" class=\"alignnone size-medium wp-image-561\" src=\"https:\/\/www.refrak.fi\/wp-content\/uploads\/2019\/12\/20180919_110536-1-300x225.jpg\" alt=\"\" width=\"300\" height=\"225\" srcset=\"https:\/\/www.refrak.fi\/wp-content\/uploads\/2019\/12\/20180919_110536-1-300x225.jpg 300w, https:\/\/www.refrak.fi\/wp-content\/uploads\/2019\/12\/20180919_110536-1-768x576.jpg 768w, https:\/\/www.refrak.fi\/wp-content\/uploads\/2019\/12\/20180919_110536-1.jpg 1024w\" sizes=\"auto, (max-width: 300px) 100vw, 300px\" \/><\/a><\/p>\n<p style=\"text-align: left;\">Kattints a k\u00e9pre!<\/p>\n<h4 style=\"text-align: center;\"><a href=\"https:\/\/www.refrak.fi\/hu\/szakteruleteink\/ero-es-futomuvek\/\">Er\u0151- \u00e9s f\u0171t\u0151m\u0171vek<\/a><\/h4>\n<p style=\"text-align: center;\">Szakter\u00fclet\u00fcnk bio t\u00fczel\u00e9s\u0171 er\u0151m\u0171vek falaz\u00e1sa \u00e9s karbantart\u00e1sa.<\/p>\n<p>[\/vc_column_text][\/vc_column_inner][vc_column_inner width=&#8221;1\/4&#8243;][vc_column_text]<\/p>\n<p><a href=\"https:\/\/www.refrak.fi\/hu\/szakteruleteink\/acel-es-femipar\/\" data-mce-href=\"https:\/\/www.refrak.fi\/hu\/szakteruleteink\/acel-es-femipar\/\"><img loading=\"lazy\" decoding=\"async\" width=\"300\" height=\"225\" class=\"alignnone size-medium wp-image-564\" alt=\"\" src=\"https:\/\/www.refrak.fi\/wp-content\/uploads\/2019\/12\/20190718_144542-1-300x225.jpg\" data-mce-src=\"https:\/\/www.refrak.fi\/wp-content\/uploads\/2019\/12\/20190718_144542-1-300x225.jpg\" srcset=\"https:\/\/www.refrak.fi\/wp-content\/uploads\/2019\/12\/20190718_144542-1-300x225.jpg 300w, https:\/\/www.refrak.fi\/wp-content\/uploads\/2019\/12\/20190718_144542-1-768x576.jpg 768w, https:\/\/www.refrak.fi\/wp-content\/uploads\/2019\/12\/20190718_144542-1.jpg 1024w\" sizes=\"auto, (max-width: 300px) 100vw, 300px\" \/><\/a><\/p>\n<p><span style=\"display: inline !important; float: none; background-color: #ffffff; color: #333333; cursor: text; font-family: Georgia,'Times New Roman','Bitstream Charter',Times,serif; font-size: 16px; font-style: normal; font-variant: normal; font-weight: 400; letter-spacing: normal; orphans: 2; text-align: left; text-decoration: none; text-indent: 0px; text-transform: none; -webkit-text-stroke-width: 0px; white-space: normal; word-spacing: 0px;\" data-mce-style=\"display: inline !important; float: none; background-color: #ffffff; color: #333333; cursor: text; font-family: Georgia,'Times New Roman','Bitstream Charter',Times,serif; font-size: 16px; font-style: normal; font-variant: normal; font-weight: 400; letter-spacing: normal; orphans: 2; text-align: left; text-decoration: none; text-indent: 0px; text-transform: none; -webkit-text-stroke-width: 0px; white-space: normal; word-spacing: 0px;\">Kattints a k\u00e9pre!<\/span><\/p>\n<h4 style=\"text-align: center;\" data-mce-style=\"text-align: center;\"><a href=\"https:\/\/www.refrak.fi\/hu\/szakteruleteink\/acel-es-femipar\/\" data-mce-href=\"https:\/\/www.refrak.fi\/hu\/szakteruleteink\/acel-es-femipar\/\">Ac\u00e9l- \u00e9s f\u00e9mipar<\/a><\/h4>\n<p style=\"text-align: center;\" data-mce-style=\"text-align: center;\">Sz\u00e9les k\u00f6r\u0171 szolg\u00e1ltat\u00e1sokat k\u00edn\u00e1lunk az ac\u00e9l- \u00e9s f\u00e9mipar sz\u00e1m\u00e1ra.<\/p>\n<p>[\/vc_column_text][\/vc_column_inner][vc_column_inner width=&#8221;1\/4&#8243;][vc_column_text]<\/p>\n<p><a href=\"https:\/\/www.refrak.fi\/hu\/szakteruleteink\/hokezelo-kemencek\/\" data-mce-href=\"https:\/\/www.refrak.fi\/hu\/szakteruleteink\/hokezelo-kemencek\/\"><img loading=\"lazy\" decoding=\"async\" width=\"300\" height=\"225\" class=\"alignnone size-medium wp-image-562\" alt=\"\" src=\"https:\/\/www.refrak.fi\/wp-content\/uploads\/2019\/12\/DSC_1128-1-300x225.jpg\" data-mce-src=\"https:\/\/www.refrak.fi\/wp-content\/uploads\/2019\/12\/DSC_1128-1-300x225.jpg\" srcset=\"https:\/\/www.refrak.fi\/wp-content\/uploads\/2019\/12\/DSC_1128-1-300x225.jpg 300w, https:\/\/www.refrak.fi\/wp-content\/uploads\/2019\/12\/DSC_1128-1-768x576.jpg 768w, https:\/\/www.refrak.fi\/wp-content\/uploads\/2019\/12\/DSC_1128-1.jpg 1024w\" sizes=\"auto, (max-width: 300px) 100vw, 300px\" \/><\/a><\/p>\n<p><span style=\"display: inline !important; float: none; background-color: #ffffff; color: #333333; cursor: text; font-family: Georgia,'Times New Roman','Bitstream Charter',Times,serif; font-size: 16px; font-style: normal; font-variant: normal; font-weight: 400; letter-spacing: normal; orphans: 2; text-align: left; text-decoration: none; text-indent: 0px; text-transform: none; -webkit-text-stroke-width: 0px; white-space: normal; word-spacing: 0px;\" data-mce-style=\"display: inline !important; float: none; background-color: #ffffff; color: #333333; cursor: text; font-family: Georgia,'Times New Roman','Bitstream Charter',Times,serif; font-size: 16px; font-style: normal; font-variant: normal; font-weight: 400; letter-spacing: normal; orphans: 2; text-align: left; text-decoration: none; text-indent: 0px; text-transform: none; -webkit-text-stroke-width: 0px; white-space: normal; word-spacing: 0px;\">Kattints a k\u00e9pre!<\/span><\/p>\n<h4 style=\"text-align: center;\" data-mce-style=\"text-align: center;\"><a href=\"https:\/\/www.refrak.fi\/hu\/szakteruleteink\/hokezelo-kemencek\/\" data-mce-href=\"https:\/\/www.refrak.fi\/hu\/szakteruleteink\/hokezelo-kemencek\/\">H\u0151kezel\u0151 kemenc\u00e9k<\/a><\/h4>\n<p style=\"text-align: center;\" data-mce-style=\"text-align: center;\">H\u0151kezel\u0151 kemenc\u00e9ket tervez\u00fcnk \u00e9s gy\u00e1rtunk. \u00dcgyfeleink egyedi ig\u00e9nyeinek kel\u00e9g\u00edt\u00e9se c\u00e9lj\u00e1b\u00f3l testreszabott megold\u00e1sokat k\u00edn\u00e1lunk.<\/p>\n<p>[\/vc_column_text][\/vc_column_inner][vc_column_inner width=&#8221;1\/4&#8243;][vc_column_text]<\/p>\n<p><a href=\"https:\/\/www.refrak.fi\/hu\/szakteruleteink\/szaunakalyhak\/\" data-mce-href=\"https:\/\/www.refrak.fi\/hu\/szakteruleteink\/szaunakalyhak\/\"><img loading=\"lazy\" decoding=\"async\" width=\"300\" height=\"225\" class=\"alignnone wp-image-528 size-medium\" alt=\"\" src=\"https:\/\/www.refrak.fi\/wp-content\/uploads\/2019\/12\/P1090254-300x225.jpg\" data-mce-src=\"https:\/\/www.refrak.fi\/wp-content\/uploads\/2019\/12\/P1090254-300x225.jpg\" srcset=\"https:\/\/www.refrak.fi\/wp-content\/uploads\/2019\/12\/P1090254-300x225.jpg 300w, https:\/\/www.refrak.fi\/wp-content\/uploads\/2019\/12\/P1090254-768x576.jpg 768w, https:\/\/www.refrak.fi\/wp-content\/uploads\/2019\/12\/P1090254.jpg 1024w\" sizes=\"auto, (max-width: 300px) 100vw, 300px\" \/><\/a><\/p>\n<p><span style=\"display: inline !important; float: none; background-color: #ffffff; color: #333333; cursor: text; font-family: Georgia,'Times New Roman','Bitstream Charter',Times,serif; font-size: 16px; font-style: normal; font-variant: normal; font-weight: 400; letter-spacing: normal; orphans: 2; text-align: left; text-decoration: none; text-indent: 0px; text-transform: none; -webkit-text-stroke-width: 0px; white-space: normal; word-spacing: 0px;\" data-mce-style=\"display: inline !important; float: none; background-color: #ffffff; color: #333333; cursor: text; font-family: Georgia,'Times New Roman','Bitstream Charter',Times,serif; font-size: 16px; font-style: normal; font-variant: normal; font-weight: 400; letter-spacing: normal; orphans: 2; text-align: left; text-decoration: none; text-indent: 0px; text-transform: none; -webkit-text-stroke-width: 0px; white-space: normal; word-spacing: 0px;\">Kattints a k\u00e9pre!<\/span><\/p>\n<h4 style=\"text-align: center;\" data-mce-style=\"text-align: center;\"><a href=\"https:\/\/www.refrak.fi\/hu\/szakteruleteink\/szaunakalyhak\/\" data-mce-href=\"https:\/\/www.refrak.fi\/hu\/szakteruleteink\/szaunakalyhak\/\">Szaunak\u00e1lyh\u00e1k<\/a><\/h4>\n<p style=\"text-align: center;\" data-mce-style=\"text-align: center;\">\u00dcgyfeleink egyedi ig\u00e9nyei alapj\u00e1n k\u00fcl\u00f6nleges szaunak\u00e1lyh\u00e1kat tervez\u00fcnk \u00e9s gy\u00e1rtunk. Testreszabott megold\u00e1sokat k\u00edn\u00e1lunk \u00fcgyfeleink ig\u00e9nyeinek kiel\u00e9g\u00edt\u00e9s\u00e9re.<\/p>\n<p>[\/vc_column_text][\/vc_column_inner][\/vc_row_inner][vc_row_inner][vc_column_inner width=&#8221;1\/4&#8243;][vc_column_text]<\/p>\n<p style=\"text-align: center;\" data-mce-style=\"text-align: center;\"><a href=\"https:\/\/www.refrak.fi\/hu\/szakteruleteink\/fureszuzemek\/\" data-mce-href=\"https:\/\/www.refrak.fi\/hu\/szakteruleteink\/fureszuzemek\/\"><img loading=\"lazy\" decoding=\"async\" width=\"300\" height=\"225\" class=\"wp-image-453 size-medium aligncenter\" alt=\"\" src=\"https:\/\/www.refrak.fi\/wp-content\/uploads\/2019\/12\/IMG_0006-300x225.jpg\" data-mce-src=\"https:\/\/www.refrak.fi\/wp-content\/uploads\/2019\/12\/IMG_0006-300x225.jpg\"><span style=\"display: inline !important; float: none; background-color: #ffffff; color: #333333; cursor: text; font-family: Georgia,'Times New Roman','Bitstream Charter',Times,serif; font-size: 16px; font-style: normal; font-variant: normal; font-weight: 400; letter-spacing: normal; orphans: 2; text-align: left; text-decoration: none; text-indent: 0px; text-transform: none; -webkit-text-stroke-width: 0px; white-space: normal; word-spacing: 0px;\" data-mce-style=\"display: inline !important; float: none; background-color: #ffffff; color: #333333; cursor: text; font-family: Georgia,'Times New Roman','Bitstream Charter',Times,serif; font-size: 16px; font-style: normal; font-variant: normal; font-weight: 400; letter-spacing: normal; orphans: 2; text-align: left; text-decoration: none; text-indent: 0px; text-transform: none; -webkit-text-stroke-width: 0px; white-space: normal; word-spacing: 0px;\">Kattints a k\u00e9pre!<\/span><\/a><\/p>\n<h4 style=\"text-align: center;\" data-mce-style=\"text-align: center;\"><a href=\"https:\/\/www.refrak.fi\/hu\/szakteruleteink\/fureszuzemek\/\" data-mce-href=\"https:\/\/www.refrak.fi\/hu\/szakteruleteink\/fureszuzemek\/\">F\u0171r\u00e9sz\u00fczemek<\/a><\/h4>\n<p style=\"text-align: center;\" data-mce-style=\"text-align: center;\">Karbantart\u00e1si szolg\u00e1ltat\u00e1sokat ny\u00fajtunk KPA \u00e9s fluid \u00e1gyas kaz\u00e1nok sz\u00e1m\u00e1ra.<\/p>\n<p>[\/vc_column_text][\/vc_column_inner][vc_column_inner width=&#8221;1\/4&#8243;][vc_column_text]<\/p>\n<p style=\"text-align: center;\" data-mce-style=\"text-align: center;\"><a href=\"https:\/\/www.refrak.fi\/hu\/szakteruleteink\/papir-es-cellulozgyarak\/\" data-mce-href=\"https:\/\/www.refrak.fi\/hu\/szakteruleteink\/papir-es-cellulozgyarak\/\"><img loading=\"lazy\" decoding=\"async\" width=\"300\" height=\"225\" class=\"wp-image-385 size-medium aligncenter\" alt=\"\" src=\"https:\/\/www.refrak.fi\/wp-content\/uploads\/2019\/11\/P4200011-1-300x225.jpg\" data-mce-src=\"https:\/\/www.refrak.fi\/wp-content\/uploads\/2019\/11\/P4200011-1-300x225.jpg\" srcset=\"https:\/\/www.refrak.fi\/wp-content\/uploads\/2019\/11\/P4200011-1-300x225.jpg 300w, https:\/\/www.refrak.fi\/wp-content\/uploads\/2019\/11\/P4200011-1-768x576.jpg 768w, https:\/\/www.refrak.fi\/wp-content\/uploads\/2019\/11\/P4200011-1-1024x768.jpg 1024w, https:\/\/www.refrak.fi\/wp-content\/uploads\/2019\/11\/P4200011-1.jpg 1772w\" sizes=\"auto, (max-width: 300px) 100vw, 300px\" \/><\/a><span style=\"display: inline !important; float: none; background-color: #ffffff; color: #333333; cursor: text; font-family: Georgia,'Times New Roman','Bitstream Charter',Times,serif; font-size: 16px; font-style: normal; font-variant: normal; font-weight: 400; letter-spacing: normal; orphans: 2; text-align: left; text-decoration: none; text-indent: 0px; text-transform: none; -webkit-text-stroke-width: 0px; white-space: normal; word-spacing: 0px;\" data-mce-style=\"display: inline !important; float: none; background-color: #ffffff; color: #333333; cursor: text; font-family: Georgia,'Times New Roman','Bitstream Charter',Times,serif; font-size: 16px; font-style: normal; font-variant: normal; font-weight: 400; letter-spacing: normal; orphans: 2; text-align: left; text-decoration: none; text-indent: 0px; text-transform: none; -webkit-text-stroke-width: 0px; white-space: normal; word-spacing: 0px;\">Kattints a k\u00e9pre!<\/span><\/p>\n<h4 style=\"text-align: center;\" data-mce-style=\"text-align: center;\"><a href=\"https:\/\/www.refrak.fi\/hu\/szakteruleteink\/papir-es-cellulozgyarak\/\" data-mce-href=\"https:\/\/www.refrak.fi\/hu\/szakteruleteink\/papir-es-cellulozgyarak\/\">Pap\u00edr &#8211; \u00e9s cellul\u00f3zgy\u00e1rak<\/a><\/h4>\n<p style=\"text-align: center;\" data-mce-style=\"text-align: center;\">Professzion\u00e1lis karbantart\u00e1si szolg\u00e1ltat\u00e1st ny\u00fajtunk a pap\u00edr- \u00e9s cellul\u00f3zipar sz\u00e1m\u00e1ra.<\/p>\n<p>[\/vc_column_text][\/vc_column_inner][vc_column_inner width=&#8221;1\/4&#8243;][vc_column_text]<\/p>\n<p><a href=\"https:\/\/www.refrak.fi\/hu\/szakteruleteink\/olajfinomitas\/\" data-mce-href=\"https:\/\/www.refrak.fi\/hu\/szakteruleteink\/olajfinomitas\/\"><img loading=\"lazy\" decoding=\"async\" width=\"300\" height=\"225\" class=\"wp-image-379 size-medium aligncenter\" alt=\"\" src=\"https:\/\/www.refrak.fi\/wp-content\/uploads\/2019\/11\/IMG_2060-1-300x225.jpg\" data-mce-src=\"https:\/\/www.refrak.fi\/wp-content\/uploads\/2019\/11\/IMG_2060-1-300x225.jpg\" srcset=\"https:\/\/www.refrak.fi\/wp-content\/uploads\/2019\/11\/IMG_2060-1-300x225.jpg 300w, https:\/\/www.refrak.fi\/wp-content\/uploads\/2019\/11\/IMG_2060-1-768x576.jpg 768w, https:\/\/www.refrak.fi\/wp-content\/uploads\/2019\/11\/IMG_2060-1-1024x768.jpg 1024w, https:\/\/www.refrak.fi\/wp-content\/uploads\/2019\/11\/IMG_2060-1.jpg 1772w\" sizes=\"auto, (max-width: 300px) 100vw, 300px\" \/><\/a><\/p>\n<h4 style=\"text-align: center;\" data-mce-style=\"text-align: center;\"><span style=\"display: inline !important; float: none; background-color: #ffffff; color: #333333; cursor: text; font-family: Georgia,'Times New Roman','Bitstream Charter',Times,serif; font-size: 16px; font-style: normal; font-variant: normal; font-weight: 400; letter-spacing: normal; orphans: 2; text-align: left; text-decoration: none; text-indent: 0px; text-transform: none; -webkit-text-stroke-width: 0px; white-space: normal; word-spacing: 0px;\" data-mce-style=\"display: inline !important; float: none; background-color: #ffffff; color: #333333; cursor: text; font-family: Georgia,'Times New Roman','Bitstream Charter',Times,serif; font-size: 16px; font-style: normal; font-variant: normal; font-weight: 400; letter-spacing: normal; orphans: 2; text-align: left; text-decoration: none; text-indent: 0px; text-transform: none; -webkit-text-stroke-width: 0px; white-space: normal; word-spacing: 0px;\">Kattints a k\u00e9pre!<\/span><\/h4>\n<h4 style=\"text-align: center;\" data-mce-style=\"text-align: center;\"><a href=\"https:\/\/www.refrak.fi\/hu\/szakteruleteink\/olajfinomitas\/\" data-mce-href=\"https:\/\/www.refrak.fi\/hu\/szakteruleteink\/olajfinomitas\/\">Olajfinom\u00edt\u00e1s<\/a><\/h4>\n<p style=\"text-align: center;\" data-mce-style=\"text-align: center;\">Petrok\u00e9miai elj\u00e1r\u00e1sokhoz t\u0171z\u00e1ll\u00f3 anyagokat sz\u00e1ll\u00edtunk \u00e9s komplett kivitelez\u00e9seket v\u00e9gz\u00fcnk.<\/p>\n<p>[\/vc_column_text][\/vc_column_inner][vc_column_inner width=&#8221;1\/4&#8243;][vc_column_text]<\/p>\n<p><a href=\"https:\/\/www.refrak.fi\/hu\/szakteruleteink\/krematoriumok\/\" data-mce-href=\"https:\/\/www.refrak.fi\/hu\/szakteruleteink\/krematoriumok\/\"><img loading=\"lazy\" decoding=\"async\" width=\"300\" height=\"225\" class=\"alignnone wp-image-545 size-medium\" alt=\"\" src=\"https:\/\/www.refrak.fi\/wp-content\/uploads\/2019\/12\/1-300x225.jpg\" data-mce-src=\"https:\/\/www.refrak.fi\/wp-content\/uploads\/2019\/12\/1-300x225.jpg\" srcset=\"https:\/\/www.refrak.fi\/wp-content\/uploads\/2019\/12\/1-300x225.jpg 300w, https:\/\/www.refrak.fi\/wp-content\/uploads\/2019\/12\/1-768x576.jpg 768w, https:\/\/www.refrak.fi\/wp-content\/uploads\/2019\/12\/1.jpg 1024w\" sizes=\"auto, (max-width: 300px) 100vw, 300px\" \/><\/a><\/p>\n<h4><span style=\"display: inline !important; float: none; background-color: #ffffff; color: #333333; cursor: text; font-family: Georgia,'Times New Roman','Bitstream Charter',Times,serif; font-size: 16px; font-style: normal; font-variant: normal; font-weight: 400; letter-spacing: normal; orphans: 2; text-align: left; text-decoration: none; text-indent: 0px; text-transform: none; -webkit-text-stroke-width: 0px; white-space: normal; word-spacing: 0px;\" data-mce-style=\"display: inline !important; float: none; background-color: #ffffff; color: #333333; cursor: text; font-family: Georgia,'Times New Roman','Bitstream Charter',Times,serif; font-size: 16px; font-style: normal; font-variant: normal; font-weight: 400; letter-spacing: normal; orphans: 2; text-align: left; text-decoration: none; text-indent: 0px; text-transform: none; -webkit-text-stroke-width: 0px; white-space: normal; word-spacing: 0px;\">Kattints a k\u00e9pre!<\/span><\/h4>\n<h4 style=\"text-align: center;\" data-mce-style=\"text-align: center;\"><a href=\"https:\/\/www.refrak.fi\/hu\/szakteruleteink\/krematoriumok\/\" data-mce-href=\"https:\/\/www.refrak.fi\/hu\/szakteruleteink\/krematoriumok\/\">Kremat\u00f3riumok<\/a><\/h4>\n<p style=\"text-align: center;\" data-mce-style=\"text-align: center;\">Kremat\u00f3riumokhoz sz\u00e9les k\u00f6r\u0171 szolg\u00e1ltat\u00e1st k\u00edn\u00e1lunk.<\/p>\n<p>[\/vc_column_text][\/vc_column_inner][\/vc_row_inner][\/vc_column][vc_column width=&#8221;1\/6&#8243;][\/vc_column][\/vc_row]<\/p>\n<\/div>","protected":false},"excerpt":{"rendered":"<p>[vc_row font_color=&#8221;#000000&#8243; css=&#8221;.vc_custom_1468229595409{padding-top: 10% !important;padding-bottom: 10% !important;background-image: url(https:\/\/www.refrak.fi\/wp-content\/uploads\/2016\/07\/cover04.jpg?id=93) !important;background-position: center !important;background-repeat: no-repeat !important;background-size: cover !important;}&#8221;][vc_column][vc_custom_heading text=&#8221;Szakter\u00fcleteink&#8221; font_container=&#8221;tag:h1|text_align:center|color:%23ffffff&#8221; use_theme_fonts=&#8221;yes&#8221; css=&#8221;.vc_custom_1573029635558{margin-bottom: 1rem !important;}&#8221;][\/vc_column][\/vc_row][vc_row font_color=&#8221;#000000&#8243; css=&#8221;.vc_custom_1468229683578{margin-top: 2rem !important;margin-bottom: 2rem !important;}&#8221;][vc_column width=&#8221;1\/6&#8243;][vc_column_text][\/vc_column_text][\/vc_column][vc_column width=&#8221;2\/3&#8243;][vc_row_inner][vc_column_inner width=&#8221;1\/4&#8243;][vc_column_text] Kattints a k\u00e9pre! Er\u0151- \u00e9s f\u0171t\u0151m\u0171vek Szakter\u00fclet\u00fcnk bio t\u00fczel\u00e9s\u0171 er\u0151m\u0171vek falaz\u00e1sa \u00e9s karbantart\u00e1sa. [\/vc_column_text][\/vc_column_inner][vc_column_inner width=&#8221;1\/4&#8243;][vc_column_text] Kattints a k\u00e9pre! Ac\u00e9l- \u00e9s f\u00e9mipar Sz\u00e9les k\u00f6r\u0171 szolg\u00e1ltat\u00e1sokat k\u00edn\u00e1lunk [&hellip;]<\/p>\n","protected":false},"author":1,"featured_media":0,"parent":0,"menu_order":0,"comment_status":"closed","ping_status":"closed","template":"page-full-width.php","meta":{"footnotes":""},"class_list":["post-684","page","type-page","status-publish","hentry"],"_links":{"self":[{"href":"https:\/\/www.refrak.fi\/hu\/wp-json\/wp\/v2\/pages\/684","targetHints":{"allow":["GET"]}}],"collection":[{"href":"https:\/\/www.refrak.fi\/hu\/wp-json\/wp\/v2\/pages"}],"about":[{"href":"https:\/\/www.refrak.fi\/hu\/wp-json\/wp\/v2\/types\/page"}],"author":[{"embeddable":true,"href":"https:\/\/www.refrak.fi\/hu\/wp-json\/wp\/v2\/users\/1"}],"replies":[{"embeddable":true,"href":"https:\/\/www.refrak.fi\/hu\/wp-json\/wp\/v2\/comments?post=684"}],"version-history":[{"count":9,"href":"https:\/\/www.refrak.fi\/hu\/wp-json\/wp\/v2\/pages\/684\/revisions"}],"predecessor-version":[{"id":746,"href":"https:\/\/www.refrak.fi\/hu\/wp-json\/wp\/v2\/pages\/684\/revisions\/746"}],"wp:attachment":[{"href":"https:\/\/www.refrak.fi\/hu\/wp-json\/wp\/v2\/media?parent=684"}],"curies":[{"name":"wp","href":"https:\/\/api.w.org\/{rel}","templated":true}]}}