{"id":707,"date":"2020-01-22T13:13:47","date_gmt":"2020-01-22T11:13:47","guid":{"rendered":"https:\/\/www.refrak.fi\/felelosseg\/"},"modified":"2020-01-22T13:58:06","modified_gmt":"2020-01-22T11:58:06","slug":"felelosseg","status":"publish","type":"page","link":"https:\/\/www.refrak.fi\/hu\/felelosseg\/","title":{"rendered":"FELEL\u0150SS\u00c9G"},"content":{"rendered":"<div class=\"wpb-content-wrapper\"><p>[vc_row font_color=&#8221;#000000&#8243; css=&#8221;.vc_custom_1468234625898{padding-top: 10% !important;padding-bottom: 10% !important;background-image: url(https:\/\/www.refrak.fi\/wp-content\/uploads\/2016\/07\/cover05.jpg?id=128) !important;background-position: center !important;background-repeat: no-repeat !important;background-size: cover !important;}&#8221;][vc_column][vc_custom_heading text=&#8221;Felel\u0151ss\u00e9g&#8221; font_container=&#8221;tag:h1|text_align:center|color:%23ffffff&#8221; use_theme_fonts=&#8221;yes&#8221; css=&#8221;.vc_custom_1574250143433{margin-bottom: 1rem !important;}&#8221;][\/vc_column][\/vc_row][vc_row type=&#8221;boxed&#8221; font_color=&#8221;#000000&#8243; css=&#8221;.vc_custom_1468233595852{margin-top: 2rem !important;margin-bottom: 2rem !important;}&#8221;][vc_column width=&#8221;1\/2&#8243;][vc_column_text][\/vc_column_text][vc_column_text]<\/p>\n<h2>Felel\u0151ss\u00e9g<\/h2>\n<p>A felel\u0151ss\u00e9gteljes piaci magatart\u00e1s a v\u00e1llalat hossz\u00fat\u00e1v\u00fa strat\u00e9gi\u00e1j\u00e1nak szerves r\u00e9sze, ez a versenyk\u00e9pess\u00e9g n\u00f6vel\u00e9s\u00e9nek el\u00e9r\u00e9s\u00e9nek egyik kulcseleme. Folyamatosan t\u00f6reksz\u00fcnk termel\u00e9si hat\u00e9konys\u00e1gunk jav\u00edt\u00e1s\u00e1ra, figyelembe v\u00e9ve dolgoz\u00f3ink j\u00f3l\u00e9t\u00e9t \u00e9s m\u0171k\u00f6d\u00e9s\u00fcnk k\u00f6rnyezeti hat\u00e1sait. A hum\u00e1ner\u0151forr\u00e1s-fejleszt\u00e9s az egyik legfontosabb ter\u00fclet a v\u00e1llalat strat\u00e9giai c\u00e9ljainak megval\u00f3s\u00edt\u00e1s\u00e1hoz. A Refrak Oy termel\u00e9si \u00e9s p\u00e9nz\u00fcgyi eredm\u00e9nyeinek n\u00f6vel\u00e9s\u00e9nek el\u0151felt\u00e9tele a dolgoz\u00f3k szakmai \u00e9s szem\u00e9lyi fejl\u0151d\u00e9se.<\/p>\n<p>A Refrak Oy folyamatosan figyelmet ford\u00edt:<\/p>\n<ul>\n<li>A dolgoz\u00f3k szakmai ismereteinek \u00e1lland\u00f3 b\u0151vit\u00e9s\u00e9re.<\/li>\n<li>Az egy\u00e9ni v\u00e9d\u0151eszk\u00f6z\u00f6k min\u0151s\u00e9g\u00e9nek \u00e9s hat\u00e9konys\u00e1g\u00e1nak a jav\u00edt\u00e1s\u00e1ra.<\/li>\n<li>A munkater\u00fcletek biztons\u00e1g\u00e1nak \u00e9s a haszn\u00e1lt g\u00e9pek min\u0151s\u00e9g\u00e9nek,\u00a0 \u00e1llapot\u00e1nak jav\u00edt\u00e1s\u00e1ra.<\/li>\n<li>A biztons\u00e1gos munkav\u00e9gz\u00e9s el\u0151t\u00e9rbe helyez\u00e9s\u00e9re.<\/li>\n<li>K\u00f6rnyezetbar\u00e1t munkafolyamatok \u00e9s term\u00e9kek fejleszt\u00e9s\u00e9re.<\/li>\n<\/ul>\n<p>[\/vc_column_text][\/vc_column][vc_column width=&#8221;1\/2&#8243;][vc_single_image image=&#8221;442&#8243; img_size=&#8221;large&#8221; alignment=&#8221;center&#8221;][vc_single_image image=&#8221;539&#8243; img_size=&#8221;large&#8221;][\/vc_column][\/vc_row]<\/p>\n<\/div>","protected":false},"excerpt":{"rendered":"<p>[vc_row font_color=&#8221;#000000&#8243; css=&#8221;.vc_custom_1468234625898{padding-top: 10% !important;padding-bottom: 10% !important;background-image: url(https:\/\/www.refrak.fi\/wp-content\/uploads\/2016\/07\/cover05.jpg?id=128) !important;background-position: center !important;background-repeat: no-repeat !important;background-size: cover !important;}&#8221;][vc_column][vc_custom_heading text=&#8221;Felel\u0151ss\u00e9g&#8221; font_container=&#8221;tag:h1|text_align:center|color:%23ffffff&#8221; use_theme_fonts=&#8221;yes&#8221; css=&#8221;.vc_custom_1574250143433{margin-bottom: 1rem !important;}&#8221;][\/vc_column][\/vc_row][vc_row type=&#8221;boxed&#8221; font_color=&#8221;#000000&#8243; css=&#8221;.vc_custom_1468233595852{margin-top: 2rem !important;margin-bottom: 2rem !important;}&#8221;][vc_column width=&#8221;1\/2&#8243;][vc_column_text][\/vc_column_text][vc_column_text] Felel\u0151ss\u00e9g A felel\u0151ss\u00e9gteljes piaci magatart\u00e1s a v\u00e1llalat hossz\u00fat\u00e1v\u00fa strat\u00e9gi\u00e1j\u00e1nak szerves r\u00e9sze, ez a versenyk\u00e9pess\u00e9g n\u00f6vel\u00e9s\u00e9nek el\u00e9r\u00e9s\u00e9nek egyik kulcseleme. Folyamatosan t\u00f6reksz\u00fcnk termel\u00e9si hat\u00e9konys\u00e1gunk jav\u00edt\u00e1s\u00e1ra, figyelembe v\u00e9ve dolgoz\u00f3ink [&hellip;]<\/p>\n","protected":false},"author":1,"featured_media":0,"parent":0,"menu_order":0,"comment_status":"closed","ping_status":"closed","template":"page-full-width.php","meta":{"footnotes":""},"class_list":["post-707","page","type-page","status-publish","hentry"],"_links":{"self":[{"href":"https:\/\/www.refrak.fi\/hu\/wp-json\/wp\/v2\/pages\/707","targetHints":{"allow":["GET"]}}],"collection":[{"href":"https:\/\/www.refrak.fi\/hu\/wp-json\/wp\/v2\/pages"}],"about":[{"href":"https:\/\/www.refrak.fi\/hu\/wp-json\/wp\/v2\/types\/page"}],"author":[{"embeddable":true,"href":"https:\/\/www.refrak.fi\/hu\/wp-json\/wp\/v2\/users\/1"}],"replies":[{"embeddable":true,"href":"https:\/\/www.refrak.fi\/hu\/wp-json\/wp\/v2\/comments?post=707"}],"version-history":[{"count":1,"href":"https:\/\/www.refrak.fi\/hu\/wp-json\/wp\/v2\/pages\/707\/revisions"}],"predecessor-version":[{"id":710,"href":"https:\/\/www.refrak.fi\/hu\/wp-json\/wp\/v2\/pages\/707\/revisions\/710"}],"wp:attachment":[{"href":"https:\/\/www.refrak.fi\/hu\/wp-json\/wp\/v2\/media?parent=707"}],"curies":[{"name":"wp","href":"https:\/\/api.w.org\/{rel}","templated":true}]}}