{"id":711,"date":"2020-01-22T13:20:27","date_gmt":"2020-01-22T11:20:27","guid":{"rendered":"https:\/\/www.refrak.fi\/szolgaltatasaink\/"},"modified":"2020-01-22T13:55:28","modified_gmt":"2020-01-22T11:55:28","slug":"szolgaltatasaink","status":"publish","type":"page","link":"https:\/\/www.refrak.fi\/hu\/szolgaltatasaink\/","title":{"rendered":"Szolg\u00e1ltat\u00e1saink"},"content":{"rendered":"<div class=\"wpb-content-wrapper\"><p>[vc_row font_color=&#8221;#000000&#8243; css=&#8221;.vc_custom_1468231233328{padding-top: 10% !important;padding-bottom: 10% !important;background-image: url(https:\/\/www.refrak.fi\/wp-content\/uploads\/2016\/07\/cover02.jpg?id=113) !important;background-position: center !important;background-repeat: no-repeat !important;background-size: cover !important;}&#8221;][vc_column][vc_custom_heading text=&#8221;Szolg\u00e1ltat\u00e1saink&#8221; font_container=&#8221;tag:h1|text_align:center|color:%23ffffff&#8221; use_theme_fonts=&#8221;yes&#8221; css=&#8221;.vc_custom_1572871605267{margin-bottom: 1rem !important;}&#8221;][vc_custom_heading text=&#8221;&#8221; font_container=&#8221;tag:h3|text_align:center|color:%23ffffff&#8221; use_theme_fonts=&#8221;yes&#8221;][\/vc_column][\/vc_row][vc_row type=&#8221;boxed&#8221; font_color=&#8221;#000000&#8243; css=&#8221;.vc_custom_1468233525186{margin-top: 2rem !important;margin-bottom: 2rem !important;}&#8221;][vc_column width=&#8221;2\/3&#8243;][vc_column_text]<\/p>\n<h2>Tervez\u00e9s<\/h2>\n<p>A tervez\u00e9si szolg\u00e1ltat\u00e1sok teljes sk\u00e1l\u00e1j\u00e1t ny\u00fajtjuk, a berendez\u00e9sek \u00e9s szerkezetek \u00e1llapotfelm\u00e9r\u00e9s\u00e9t\u0151l kezdve a terv- \u00e9s a projektdokument\u00e1ci\u00f3k elk\u00e9sz\u00edt\u00e9s\u00e9ig. Tervez\u0151ink t\u00f6bb \u00e9vtizedes tapasztalattal rendelkeznek a k\u00fcl\u00f6nf\u00e9le 2-D \u00e9s 3-D tervez\u00e9si megold\u00e1sok elk\u00e9sz\u00edt\u00e9s\u00e9ben \u00e9s megval\u00f3s\u00edt\u00e1s\u00e1ban.<\/p>\n<p>&nbsp;<\/p>\n<h2>Kivitelez\u00e9sek vezet\u00e9se, lebonyol\u00edt\u00e1sa<\/h2>\n<p>Sz\u00e9les k\u00f6r\u0171 nemzetk\u00f6zi tapasztalatunk \u00e9s a termel\u00e9si folyamatok szervez\u00e9s\u00e9nek \u00e9s ir\u00e1ny\u00edt\u00e1s\u00e1nak korszer\u0171 m\u00f3dszerei lehet\u0151v\u00e9 teszik a komplex feladatok hat\u00e9kony megold\u00e1s\u00e1t. Az \u00e9vek sor\u00e1n fel\u00e9p\u00edtett saj\u00e1t er\u0151forr\u00e1sainkkal \u00e9s h\u00e1l\u00f3zatunkkal k\u00e9pesek vagyunk projektek ir\u00e1ny\u00edt\u00e1s\u00e1ra Finnorsz\u00e1gban \u00e9s k\u00fclf\u00f6ld\u00f6n egyar\u00e1nt.<\/p>\n<p>&nbsp;<\/p>\n<h2>Kivitelez\u00e9s<\/h2>\n<p>Teljes k\u00f6r\u0171 kivitelez\u00e9si \u00e9s \u00e9p\u00edt\u00e9si szolg\u00e1ltat\u00e1sokat ny\u00fajtunk Finnorsz\u00e1gban \u00e9s Eur\u00f3p\u00e1ban, ide\u00e9rtve a technol\u00f3giai moderniz\u00e1ci\u00f3t, karbantart\u00e1st, fel\u00faj\u00edt\u00e1st \u00e9s az \u00faj kostrukci\u00f3k kivitelez\u00e9s\u00e9t is. Szakk\u00e9pzett kivitelez\u00e9si vezet\u0151inkkel a munk\u00e1inkat r\u00f6vid hat\u00e1rid\u0151vel tudjuk v\u00e1llalni. Munk\u00e1nk min\u0151s\u00e9g\u00e9vel \u00e9s megb\u00edzhat\u00f3s\u00e1gunkkal megszerezt\u00fck \u00dcgyfeleink elismer\u00e9s\u00e9t, bizalm\u00e1t, ez\u00e9rt sok \u00fcgyf\u00e9lkapcsolatunk m\u00e1r 30 \u00e9ves m\u00faltra tekint vissza.<\/p>\n<p>&nbsp;<\/p>\n<h2>Kivitelez\u00e9sek m\u0171szaki ellen\u0151rz\u00e9se, fel\u00fcgyelete<\/h2>\n<p>Szak\u00e9rt\u0151ket \u00e9s t\u00f6bb nyelven besz\u00e9l\u0151 m\u0171szaki ellen\u0151r\u00f6ket biztos\u00edtunk a kivitelez\u00e9sekhez, szak\u00e9rt\u0151ink sz\u00e9les k\u00f6r\u0171 tapasztalattal rendelkeznek k\u00fclf\u00f6ldi kivitelez\u00e9sben, valamint nem a c\u00e9g\u00fcnk alkalmaz\u00e1s\u00e1ban \u00e1ll\u00f3 munkat\u00e1rsak ir\u00e1ny\u00edt\u00e1s\u00e1ban, a k\u00fcl\u00f6nb\u00f6z\u0151 orsz\u00e1gok k\u00fcl\u00f6nf\u00e9le biztons\u00e1g \u00e9s eg\u00e9szs\u00e9gv\u00e9delmi t\u00f6rv\u00e9nyeinek betart\u00e1s\u00e1t figyelembe v\u00e9ve.<\/p>\n<p>&nbsp;<\/p>\n<h2>Karbantart\u00e1s<\/h2>\n<p>A Szerviz \u00e9s karbantart\u00e1si program c\u00e9lja az \u00fczemzavar megel\u0151z\u00e9se. \u00dcgyfeleinket eg\u00e9sz Eur\u00f3p\u00e1ban kiszolg\u00e1ljuk. C\u00e9lunk, hogy \u00dcgyfeleink tudj\u00e1k, mi t\u00f6rt\u00e9nik a karbantart\u00e1s sor\u00e1n, \u00e9s hogyan kell elj\u00e1rniuk a j\u00f6v\u0151ben. Folyamatosan t\u00f6reksz\u00fcnk szolg\u00e1ltat\u00e1saink fejleszt\u00e9s\u00e9re \u00e9s munkaeszk\u00f6zeink meg\u00faj\u00edt\u00e1s\u00e1ra. Az \u00e9vek sor\u00e1n ki\u00e9p\u00edtett besz\u00e1ll\u00edt\u00f3i h\u00e1l\u00f3zatunknak k\u00f6sz\u00f6nhet\u0151en gyorsan \u00e9s rugalmasan szolg\u00e1ljuk ki az \u00dcgyfeleinket a vil\u00e1gszerte ismert anyagbesz\u00e1ll\u00edt\u00f3k term\u00e9keivel.[\/vc_column_text][\/vc_column][vc_column width=&#8221;1\/3&#8243;][vc_single_image image=&#8221;556&#8243; img_size=&#8221;large&#8221;][vc_single_image image=&#8221;557&#8243; img_size=&#8221;large&#8221;][vc_single_image image=&#8221;558&#8243; img_size=&#8221;large&#8221;][vc_single_image image=&#8221;559&#8243; img_size=&#8221;large&#8221;][vc_single_image image=&#8221;429&#8243; img_size=&#8221;large&#8221;][\/vc_column][\/vc_row]<\/p>\n<\/div>","protected":false},"excerpt":{"rendered":"<p>[vc_row font_color=&#8221;#000000&#8243; css=&#8221;.vc_custom_1468231233328{padding-top: 10% !important;padding-bottom: 10% !important;background-image: url(https:\/\/www.refrak.fi\/wp-content\/uploads\/2016\/07\/cover02.jpg?id=113) !important;background-position: center !important;background-repeat: no-repeat !important;background-size: cover !important;}&#8221;][vc_column][vc_custom_heading text=&#8221;Szolg\u00e1ltat\u00e1saink&#8221; font_container=&#8221;tag:h1|text_align:center|color:%23ffffff&#8221; use_theme_fonts=&#8221;yes&#8221; css=&#8221;.vc_custom_1572871605267{margin-bottom: 1rem !important;}&#8221;][vc_custom_heading text=&#8221;&#8221; font_container=&#8221;tag:h3|text_align:center|color:%23ffffff&#8221; use_theme_fonts=&#8221;yes&#8221;][\/vc_column][\/vc_row][vc_row type=&#8221;boxed&#8221; font_color=&#8221;#000000&#8243; css=&#8221;.vc_custom_1468233525186{margin-top: 2rem !important;margin-bottom: 2rem !important;}&#8221;][vc_column width=&#8221;2\/3&#8243;][vc_column_text] Tervez\u00e9s A tervez\u00e9si szolg\u00e1ltat\u00e1sok teljes sk\u00e1l\u00e1j\u00e1t ny\u00fajtjuk, a berendez\u00e9sek \u00e9s szerkezetek \u00e1llapotfelm\u00e9r\u00e9s\u00e9t\u0151l kezdve a terv- \u00e9s a projektdokument\u00e1ci\u00f3k elk\u00e9sz\u00edt\u00e9s\u00e9ig. Tervez\u0151ink t\u00f6bb \u00e9vtizedes tapasztalattal [&hellip;]<\/p>\n","protected":false},"author":1,"featured_media":0,"parent":0,"menu_order":0,"comment_status":"closed","ping_status":"closed","template":"page-full-width.php","meta":{"footnotes":""},"class_list":["post-711","page","type-page","status-publish","hentry"],"_links":{"self":[{"href":"https:\/\/www.refrak.fi\/hu\/wp-json\/wp\/v2\/pages\/711","targetHints":{"allow":["GET"]}}],"collection":[{"href":"https:\/\/www.refrak.fi\/hu\/wp-json\/wp\/v2\/pages"}],"about":[{"href":"https:\/\/www.refrak.fi\/hu\/wp-json\/wp\/v2\/types\/page"}],"author":[{"embeddable":true,"href":"https:\/\/www.refrak.fi\/hu\/wp-json\/wp\/v2\/users\/1"}],"replies":[{"embeddable":true,"href":"https:\/\/www.refrak.fi\/hu\/wp-json\/wp\/v2\/comments?post=711"}],"version-history":[{"count":6,"href":"https:\/\/www.refrak.fi\/hu\/wp-json\/wp\/v2\/pages\/711\/revisions"}],"predecessor-version":[{"id":725,"href":"https:\/\/www.refrak.fi\/hu\/wp-json\/wp\/v2\/pages\/711\/revisions\/725"}],"wp:attachment":[{"href":"https:\/\/www.refrak.fi\/hu\/wp-json\/wp\/v2\/media?parent=711"}],"curies":[{"name":"wp","href":"https:\/\/api.w.org\/{rel}","templated":true}]}}